{"id":1260,"date":"2024-04-09T10:35:39","date_gmt":"2024-04-09T10:35:39","guid":{"rendered":"https:\/\/attor.edm.lv\/?page_id=1260"},"modified":"2024-04-09T10:54:18","modified_gmt":"2024-04-09T10:54:18","slug":"blogs","status":"publish","type":"page","link":"https:\/\/attor.lv\/en\/blogs\/","title":{"rendered":"Blog"},"content":{"rendered":"<div data-elementor-type=\"wp-post\" data-elementor-id=\"1260\" class=\"elementor elementor-1260\" data-elementor-post-type=\"page\">\n\t\t\t\t\t\t<section class=\"elementor-section elementor-top-section elementor-element elementor-element-7e6edefc elementor-section-height-min-height elementor-section-boxed elementor-section-height-default elementor-section-items-middle\" data-id=\"7e6edefc\" data-element_type=\"section\" data-settings=\"{&quot;background_background&quot;:&quot;classic&quot;}\">\n\t\t\t\t\t\t\t<div class=\"elementor-background-overlay\"><\/div>\n\t\t\t\t\t\t\t<div class=\"elementor-container elementor-column-gap-default\">\n\t\t\t\t\t<div class=\"elementor-column elementor-col-100 elementor-top-column elementor-element elementor-element-259c0d05\" data-id=\"259c0d05\" data-element_type=\"column\">\n\t\t\t<div class=\"elementor-widget-wrap elementor-element-populated\">\n\t\t\t\t\t\t<div class=\"elementor-element elementor-element-380c0c8b the-title-center elementor-widget elementor-widget-gedung-head-title\" data-id=\"380c0c8b\" data-element_type=\"widget\" data-widget_type=\"gedung-head-title.default\">\n\t\t\t\t<div class=\"elementor-widget-container\">\n\t\t\t<div class=\"head-title head-title-2 text-center clearfix\">\r\n\t<h2 class=\"the-title\">\r\n\t\t\t\tATTOR\t<\/h2>\r\n<\/div>\r\n\t\t\t\t<\/div>\n\t\t\t\t<\/div>\n\t\t\t\t<div class=\"elementor-element elementor-element-04b3ba5 the-title-center elementor-widget elementor-widget-gedung-head-title\" data-id=\"04b3ba5\" data-element_type=\"widget\" data-widget_type=\"gedung-head-title.default\">\n\t\t\t\t<div class=\"elementor-widget-container\">\n\t\t\t<!-- Head Title 5 -->\r\n<div class=\"head-title head-title-5 text-center clearfix\">\r\n\t<h2 class=\"the-title\">\r\n\t\t<span>BLOG<\/span>\r\n\t<\/h2>\r\n\t\r\n\t<\/div>\r\n<!-- End Head Title 5 -->\r\n\t\t\t\t<\/div>\n\t\t\t\t<\/div>\n\t\t\t\t\t<\/div>\n\t\t<\/div>\n\t\t\t\t\t<\/div>\n\t\t<\/section>\n\t\t<div class=\"elementor-element elementor-element-548e575 e-flex e-con-boxed e-con e-parent\" data-id=\"548e575\" data-element_type=\"container\">\n\t\t\t\t\t<div class=\"e-con-inner\">\n\t\t\t\t<div class=\"elementor-element elementor-element-9064f22 elementor-widget elementor-widget-spacer\" data-id=\"9064f22\" data-element_type=\"widget\" data-widget_type=\"spacer.default\">\n\t\t\t\t<div class=\"elementor-widget-container\">\n\t\t\t<style>\/*! elementor - v3.21.0 - 26-05-2024 *\/\n.elementor-column .elementor-spacer-inner{height:var(--spacer-size)}.e-con{--container-widget-width:100%}.e-con-inner>.elementor-widget-spacer,.e-con>.elementor-widget-spacer{width:var(--container-widget-width,var(--spacer-size));--align-self:var(--container-widget-align-self,initial);--flex-shrink:0}.e-con-inner>.elementor-widget-spacer>.elementor-widget-container,.e-con>.elementor-widget-spacer>.elementor-widget-container{height:100%;width:100%}.e-con-inner>.elementor-widget-spacer>.elementor-widget-container>.elementor-spacer,.e-con>.elementor-widget-spacer>.elementor-widget-container>.elementor-spacer{height:100%}.e-con-inner>.elementor-widget-spacer>.elementor-widget-container>.elementor-spacer>.elementor-spacer-inner,.e-con>.elementor-widget-spacer>.elementor-widget-container>.elementor-spacer>.elementor-spacer-inner{height:var(--container-widget-height,var(--spacer-size))}.e-con-inner>.elementor-widget-spacer.elementor-widget-empty,.e-con>.elementor-widget-spacer.elementor-widget-empty{position:relative;min-height:22px;min-width:22px}.e-con-inner>.elementor-widget-spacer.elementor-widget-empty .elementor-widget-empty-icon,.e-con>.elementor-widget-spacer.elementor-widget-empty .elementor-widget-empty-icon{position:absolute;top:0;bottom:0;left:0;right:0;margin:auto;padding:0;width:22px;height:22px}<\/style>\t\t<div class=\"elementor-spacer\">\n\t\t\t<div class=\"elementor-spacer-inner\"><\/div>\n\t\t<\/div>\n\t\t\t\t<\/div>\n\t\t\t\t<\/div>\n\t\t\t\t\t<\/div>\n\t\t\t\t<\/div>\n\t\t<div class=\"elementor-element elementor-element-6d8f014 e-flex e-con-boxed e-con e-parent\" data-id=\"6d8f014\" data-element_type=\"container\">\n\t\t\t\t\t<div class=\"e-con-inner\">\n\t\t\t\t<div class=\"elementor-element elementor-element-2926e90 elementor-grid-2 elementor-grid-tablet-2 elementor-grid-mobile-1 elementor-posts--thumbnail-top elementor-card-shadow-yes elementor-posts__hover-gradient elementor-widget elementor-widget-posts\" data-id=\"2926e90\" data-element_type=\"widget\" data-settings=\"{&quot;cards_columns&quot;:&quot;2&quot;,&quot;cards_columns_tablet&quot;:&quot;2&quot;,&quot;cards_columns_mobile&quot;:&quot;1&quot;,&quot;cards_row_gap&quot;:{&quot;unit&quot;:&quot;px&quot;,&quot;size&quot;:35,&quot;sizes&quot;:[]},&quot;cards_row_gap_tablet&quot;:{&quot;unit&quot;:&quot;px&quot;,&quot;size&quot;:&quot;&quot;,&quot;sizes&quot;:[]},&quot;cards_row_gap_mobile&quot;:{&quot;unit&quot;:&quot;px&quot;,&quot;size&quot;:&quot;&quot;,&quot;sizes&quot;:[]}}\" data-widget_type=\"posts.cards\">\n\t\t\t\t<div class=\"elementor-widget-container\">\n\t\t\t<link rel=\"stylesheet\" href=\"https:\/\/attor.edm.lv\/wp-content\/plugins\/elementor-pro\/assets\/css\/widget-posts.min.css\">\t\t<div class=\"elementor-posts-container elementor-posts elementor-posts--skin-cards elementor-grid\">\n\t\t\t\t<article class=\"elementor-post elementor-grid-item post-2402 post type-post status-publish format-standard has-post-thumbnail hentry category-uncategorized\">\n\t\t\t<div class=\"elementor-post__card\">\n\t\t\t\t<a class=\"elementor-post__thumbnail__link\" href=\"https:\/\/attor.lv\/en\/2025\/07\/01\/attor-piedalisies-traktordiena-2025-tervete\/\" tabindex=\"-1\" ><div class=\"elementor-post__thumbnail\"><img fetchpriority=\"high\" decoding=\"async\" width=\"300\" height=\"225\" src=\"https:\/\/attor.lv\/wp-content\/uploads\/2025\/07\/Attor-Traktordiena2025-300x225.png\" class=\"attachment-medium size-medium wp-image-2404\" alt=\"\" srcset=\"https:\/\/attor.lv\/wp-content\/uploads\/2025\/07\/Attor-Traktordiena2025-300x225.png 300w, https:\/\/attor.lv\/wp-content\/uploads\/2025\/07\/Attor-Traktordiena2025-1024x768.png 1024w, https:\/\/attor.lv\/wp-content\/uploads\/2025\/07\/Attor-Traktordiena2025-768x576.png 768w, https:\/\/attor.lv\/wp-content\/uploads\/2025\/07\/Attor-Traktordiena2025-1536x1152.png 1536w, https:\/\/attor.lv\/wp-content\/uploads\/2025\/07\/Attor-Traktordiena2025-16x12.png 16w, https:\/\/attor.lv\/wp-content\/uploads\/2025\/07\/Attor-Traktordiena2025.png 2000w\" sizes=\"(max-width: 300px) 100vw, 300px\" \/><\/div><\/a>\n\t\t\t\t<div class=\"elementor-post__badge\">Uncategorized<\/div>\n\t\t\t\t<div class=\"elementor-post__text\">\n\t\t\t\t<h3 class=\"elementor-post__title\">\n\t\t\t<a href=\"https:\/\/attor.lv\/en\/2025\/07\/01\/attor-piedalisies-traktordiena-2025-tervete\/\" >\n\t\t\t\tATTOR piedal\u012bsies TRAKTORDIENA 2025, T\u0113rvet\u0113\t\t\t<\/a>\n\t\t<\/h3>\n\t\t\t\t<div class=\"elementor-post__excerpt\">\n\t\t\t<p>Aicin\u0101m apmekl\u0113t ATTOR stendu lauksaimniec\u012bbas pas\u0101kum\u0101 TRAKTORDIENA 2025, 5.j\u016blij\u0101. Pas\u0101kums norisin\u0101sies akciju sabiedr\u012bbas\u00a0AGROFIRMA T\u0112RVETE lauk\u0101 T\u0113rvet\u0113. Gaid\u012bsim ciemos m\u016bsu stend\u0101 nr 7, no pulksten 10:00 l\u012bdz 16:00. Dal\u012bbnieki un apmekl\u0113t\u0101ju t\u016bksto\u0161i var\u0113s izbaud\u012bt gan tradicion\u0101l\u0101s traktoru piekabju kaln\u0101 vilk\u0161anas sacens\u012bbas,<\/p>\n\t\t<\/div>\n\t\t\n\t\t<a class=\"elementor-post__read-more\" href=\"https:\/\/attor.lv\/en\/2025\/07\/01\/attor-piedalisies-traktordiena-2025-tervete\/\" aria-label=\"Read more about ATTOR piedal\u012bsies TRAKTORDIENA 2025, T\u0113rvet\u0113\" tabindex=\"-1\" >\n\t\t\tRead more  \u00bb\t\t<\/a>\n\n\t\t\t\t<\/div>\n\t\t\t\t<div class=\"elementor-post__meta-data\">\n\t\t\t\t\t<span class=\"elementor-post-date\">\n\t\t\tJuly 1, 2025\t\t<\/span>\n\t\t\t\t<\/div>\n\t\t\t\t\t<\/div>\n\t\t<\/article>\n\t\t\t\t<article class=\"elementor-post elementor-grid-item post-2330 post type-post status-publish format-standard has-post-thumbnail hentry category-jaunumi\">\n\t\t\t<div class=\"elementor-post__card\">\n\t\t\t\t<a class=\"elementor-post__thumbnail__link\" href=\"https:\/\/attor.lv\/en\/2025\/03\/04\/attor-piedalisies-ramavas-izstade-pavasaris\/\" tabindex=\"-1\" ><div class=\"elementor-post__thumbnail\"><img decoding=\"async\" width=\"300\" height=\"225\" src=\"https:\/\/attor.lv\/wp-content\/uploads\/2025\/03\/ATTOR-web-Ramava-2025-S-300x225.png\" class=\"attachment-medium size-medium wp-image-2332\" alt=\"\" srcset=\"https:\/\/attor.lv\/wp-content\/uploads\/2025\/03\/ATTOR-web-Ramava-2025-S-300x225.png 300w, https:\/\/attor.lv\/wp-content\/uploads\/2025\/03\/ATTOR-web-Ramava-2025-S-768x576.png 768w, https:\/\/attor.lv\/wp-content\/uploads\/2025\/03\/ATTOR-web-Ramava-2025-S-16x12.png 16w, https:\/\/attor.lv\/wp-content\/uploads\/2025\/03\/ATTOR-web-Ramava-2025-S.png 1000w\" sizes=\"(max-width: 300px) 100vw, 300px\" \/><\/div><\/a>\n\t\t\t\t<div class=\"elementor-post__badge\">Jaunumi<\/div>\n\t\t\t\t<div class=\"elementor-post__text\">\n\t\t\t\t<h3 class=\"elementor-post__title\">\n\t\t\t<a href=\"https:\/\/attor.lv\/en\/2025\/03\/04\/attor-piedalisies-ramavas-izstade-pavasaris\/\" >\n\t\t\t\tATTOR piedal\u012bsies R\u0101mavas izst\u0101d\u0113 PAVASARIS\t\t\t<\/a>\n\t\t<\/h3>\n\t\t\t\t<div class=\"elementor-post__excerpt\">\n\t\t\t<p>Aicin\u0101m apmekl\u0113t ATTOR stendu R\u0101mavas starptautiskaj\u0101 izst\u0101d\u0113 PAVASARIS&#8217;25 no 3.-5.apr\u012blim! Gaid\u012bsim ciemos m\u016bsu stend\u0101 D-19 visas tr\u012bs dienas no pulksten 10:00 &#8211; 17:00. Izmantojot iesp\u0113ju, pirmo reizi kl\u0101tien\u0113 iepaz\u012bstin\u0101sim ar N\u012bderland\u0113 rad\u012bt\u0101jiem Abb-Aerotech ventilatoriem k\u016bt\u012bm. No 2024.gada esam \u0161o risin\u0101jumi<\/p>\n\t\t<\/div>\n\t\t\n\t\t<a class=\"elementor-post__read-more\" href=\"https:\/\/attor.lv\/en\/2025\/03\/04\/attor-piedalisies-ramavas-izstade-pavasaris\/\" aria-label=\"Read more about ATTOR piedal\u012bsies R\u0101mavas izst\u0101d\u0113 PAVASARIS\" tabindex=\"-1\" >\n\t\t\tRead more  \u00bb\t\t<\/a>\n\n\t\t\t\t<\/div>\n\t\t\t\t<div class=\"elementor-post__meta-data\">\n\t\t\t\t\t<span class=\"elementor-post-date\">\n\t\t\tMarch 4, 2025\t\t<\/span>\n\t\t\t\t<\/div>\n\t\t\t\t\t<\/div>\n\t\t<\/article>\n\t\t\t\t<article class=\"elementor-post elementor-grid-item post-48 post type-post status-publish format-standard has-post-thumbnail hentry category-intervija\">\n\t\t\t<div class=\"elementor-post__card\">\n\t\t\t\t<a class=\"elementor-post__thumbnail__link\" href=\"https:\/\/attor.lv\/en\/2023\/12\/15\/vivamus-pulvinar-urna-nec-ipsum-interdum-blandi\/\" tabindex=\"-1\" ><div class=\"elementor-post__thumbnail\"><img decoding=\"async\" width=\"300\" height=\"200\" src=\"https:\/\/attor.lv\/wp-content\/uploads\/2018\/03\/Attor-Janis-Hans-2023-WEB-300x200.jpg\" class=\"attachment-medium size-medium wp-image-1427\" alt=\"\" srcset=\"https:\/\/attor.lv\/wp-content\/uploads\/2018\/03\/Attor-Janis-Hans-2023-WEB-300x200.jpg 300w, https:\/\/attor.lv\/wp-content\/uploads\/2018\/03\/Attor-Janis-Hans-2023-WEB-1024x682.jpg 1024w, https:\/\/attor.lv\/wp-content\/uploads\/2018\/03\/Attor-Janis-Hans-2023-WEB-768x512.jpg 768w, https:\/\/attor.lv\/wp-content\/uploads\/2018\/03\/Attor-Janis-Hans-2023-WEB-1536x1024.jpg 1536w, https:\/\/attor.lv\/wp-content\/uploads\/2018\/03\/Attor-Janis-Hans-2023-WEB-350x233.jpg 350w, https:\/\/attor.lv\/wp-content\/uploads\/2018\/03\/Attor-Janis-Hans-2023-WEB-600x400.jpg 600w, https:\/\/attor.lv\/wp-content\/uploads\/2018\/03\/Attor-Janis-Hans-2023-WEB-117x78.jpg 117w, https:\/\/attor.lv\/wp-content\/uploads\/2018\/03\/Attor-Janis-Hans-2023-WEB.jpg 2000w\" sizes=\"(max-width: 300px) 100vw, 300px\" \/><\/div><\/a>\n\t\t\t\t<div class=\"elementor-post__badge\">Interview<\/div>\n\t\t\t\t<div class=\"elementor-post__text\">\n\t\t\t\t<h3 class=\"elementor-post__title\">\n\t\t\t<a href=\"https:\/\/attor.lv\/en\/2023\/12\/15\/vivamus-pulvinar-urna-nec-ipsum-interdum-blandi\/\" >\n\t\t\t\tConstruction of agricultural buildings from idea to realization\t\t\t<\/a>\n\t\t<\/h3>\n\t\t\t\t<div class=\"elementor-post__excerpt\">\n\t\t\t<p>Intervija ar J\u0101ni H\u0101nu, ATTOR dibin\u0101t\u0101ju un vad\u012bt\u0101ju; public\u0113ta \u017eurn\u0101l\u0101 SAIMNIEKS, DEC 2023 SAGATAVOJA: El\u012bna GRASE. FOTO: Kristaps LAPIKS B\u016bvniec\u012bbas uz\u0146\u0113mums SIA Attor specializ\u0113jas betona gr\u012bdu rievo\u0161an\u0101 un pilna cikla b\u016bvniec\u012bbas pakalpojumos ar specializ\u0101ciju lauksaimniec\u012bbas b\u016bv\u0113s. Par uz\u0146\u0113muma pieredzi un<\/p>\n\t\t<\/div>\n\t\t\n\t\t<a class=\"elementor-post__read-more\" href=\"https:\/\/attor.lv\/en\/2023\/12\/15\/vivamus-pulvinar-urna-nec-ipsum-interdum-blandi\/\" aria-label=\"Read more about Lauksaimniec\u012bbas celt\u0146u b\u016bvniec\u012bba no idejas l\u012bdz realiz\u0101cijai\" tabindex=\"-1\" >\n\t\t\tRead more  \u00bb\t\t<\/a>\n\n\t\t\t\t<\/div>\n\t\t\t\t<div class=\"elementor-post__meta-data\">\n\t\t\t\t\t<span class=\"elementor-post-date\">\n\t\t\tDecember 15, 2023\t\t<\/span>\n\t\t\t\t<\/div>\n\t\t\t\t\t<\/div>\n\t\t<\/article>\n\t\t\t\t<article class=\"elementor-post elementor-grid-item post-52 post type-post status-publish format-standard has-post-thumbnail hentry category-gridu-rievosana\">\n\t\t\t<div class=\"elementor-post__card\">\n\t\t\t\t<a class=\"elementor-post__thumbnail__link\" href=\"https:\/\/attor.lv\/en\/2023\/07\/11\/biezak-uzdotie-jautajumi-par-betona-gridu-rievosanu\/\" tabindex=\"-1\" ><div class=\"elementor-post__thumbnail\"><img loading=\"lazy\" decoding=\"async\" width=\"300\" height=\"225\" src=\"https:\/\/attor.lv\/wp-content\/uploads\/2018\/03\/Silmalas-rievotas-betona-gridas-attor-300x225.jpeg\" class=\"attachment-medium size-medium wp-image-1144\" alt=\"\" srcset=\"https:\/\/attor.lv\/wp-content\/uploads\/2018\/03\/Silmalas-rievotas-betona-gridas-attor-300x225.jpeg 300w, https:\/\/attor.lv\/wp-content\/uploads\/2018\/03\/Silmalas-rievotas-betona-gridas-attor-1024x768.jpeg 1024w, https:\/\/attor.lv\/wp-content\/uploads\/2018\/03\/Silmalas-rievotas-betona-gridas-attor-768x576.jpeg 768w, https:\/\/attor.lv\/wp-content\/uploads\/2018\/03\/Silmalas-rievotas-betona-gridas-attor-1536x1152.jpeg 1536w, https:\/\/attor.lv\/wp-content\/uploads\/2018\/03\/Silmalas-rievotas-betona-gridas-attor-2048x1536.jpeg 2048w\" sizes=\"(max-width: 300px) 100vw, 300px\" \/><\/div><\/a>\n\t\t\t\t<div class=\"elementor-post__badge\">Floor Grooving<\/div>\n\t\t\t\t<div class=\"elementor-post__text\">\n\t\t\t\t<h3 class=\"elementor-post__title\">\n\t\t\t<a href=\"https:\/\/attor.lv\/en\/2023\/07\/11\/biezak-uzdotie-jautajumi-par-betona-gridu-rievosanu\/\" >\n\t\t\t\tFrequently asked questions about grooving concrete floors in dairy barns\t\t\t<\/a>\n\t\t<\/h3>\n\t\t\t\t<div class=\"elementor-post__excerpt\">\n\t\t\t<p>Before dairy farmers make the decision to groove their floors, our experts answer a number of practical questions about the process itself. We have collected the five most frequently asked questions and answers: 1. What method is used to groove the floors? ATTOR specialists perform floor grooving according to the American company<\/p>\n\t\t<\/div>\n\t\t\n\t\t<a class=\"elementor-post__read-more\" href=\"https:\/\/attor.lv\/en\/2023\/07\/11\/biezak-uzdotie-jautajumi-par-betona-gridu-rievosanu\/\" aria-label=\"Read more about Bie\u017e\u0101k uzdotie jaut\u0101jumi par betona gr\u012bdu rievo\u0161anu piensaimniec\u012bbas k\u016bt\u012bs\" tabindex=\"-1\" >\n\t\t\tRead more  \u00bb\t\t<\/a>\n\n\t\t\t\t<\/div>\n\t\t\t\t<div class=\"elementor-post__meta-data\">\n\t\t\t\t\t<span class=\"elementor-post-date\">\n\t\t\tJuly 11, 2023\t\t<\/span>\n\t\t\t\t<\/div>\n\t\t\t\t\t<\/div>\n\t\t<\/article>\n\t\t\t\t<article class=\"elementor-post elementor-grid-item post-54 post type-post status-publish format-standard has-post-thumbnail hentry category-gridu-rievosana\">\n\t\t\t<div class=\"elementor-post__card\">\n\t\t\t\t<a class=\"elementor-post__thumbnail__link\" href=\"https:\/\/attor.lv\/en\/2023\/05\/10\/pieci-padomi-ka-izveidot-drosakas-gridas-kuti\/\" tabindex=\"-1\" ><div class=\"elementor-post__thumbnail\"><img loading=\"lazy\" decoding=\"async\" width=\"300\" height=\"169\" src=\"https:\/\/attor.lv\/wp-content\/uploads\/2018\/03\/Lejas-dandeni-gridu-rievas-govs-attor-300x169.jpg\" class=\"attachment-medium size-medium wp-image-1140\" alt=\"\" srcset=\"https:\/\/attor.lv\/wp-content\/uploads\/2018\/03\/Lejas-dandeni-gridu-rievas-govs-attor-300x169.jpg 300w, https:\/\/attor.lv\/wp-content\/uploads\/2018\/03\/Lejas-dandeni-gridu-rievas-govs-attor-1024x576.jpg 1024w, https:\/\/attor.lv\/wp-content\/uploads\/2018\/03\/Lejas-dandeni-gridu-rievas-govs-attor-768x432.jpg 768w, https:\/\/attor.lv\/wp-content\/uploads\/2018\/03\/Lejas-dandeni-gridu-rievas-govs-attor-1536x864.jpg 1536w, https:\/\/attor.lv\/wp-content\/uploads\/2018\/03\/Lejas-dandeni-gridu-rievas-govs-attor-2048x1152.jpg 2048w\" sizes=\"(max-width: 300px) 100vw, 300px\" \/><\/div><\/a>\n\t\t\t\t<div class=\"elementor-post__badge\">Floor Grooving<\/div>\n\t\t\t\t<div class=\"elementor-post__text\">\n\t\t\t\t<h3 class=\"elementor-post__title\">\n\t\t\t<a href=\"https:\/\/attor.lv\/en\/2023\/05\/10\/pieci-padomi-ka-izveidot-drosakas-gridas-kuti\/\" >\n\t\t\t\tFive tips for creating safer floors in the barn\t\t\t<\/a>\n\t\t<\/h3>\n\t\t\t\t<div class=\"elementor-post__excerpt\">\n\t\t\t<p>More and more dairy farmers in the Baltics are aware of the importance of properly grooved floors and their impact on the overall productivity of the farm. The following factors should be taken into account in order to create properly grooved floors in the barn. Properly grooved farm floors contribute to the daily comfort and mobility of dairy cows, reduce the risk of injuries,<\/p>\n\t\t<\/div>\n\t\t\n\t\t<a class=\"elementor-post__read-more\" href=\"https:\/\/attor.lv\/en\/2023\/05\/10\/pieci-padomi-ka-izveidot-drosakas-gridas-kuti\/\" aria-label=\"Read more about Pieci padomi, k\u0101 izveidot dro\u0161\u0101k\u0101s gr\u012bdas k\u016bt\u012b\" tabindex=\"-1\" >\n\t\t\tRead more  \u00bb\t\t<\/a>\n\n\t\t\t\t<\/div>\n\t\t\t\t<div class=\"elementor-post__meta-data\">\n\t\t\t\t\t<span class=\"elementor-post-date\">\n\t\t\tMay 10, 2023\t\t<\/span>\n\t\t\t\t<\/div>\n\t\t\t\t\t<\/div>\n\t\t<\/article>\n\t\t\t\t<article class=\"elementor-post elementor-grid-item post-50 post type-post status-publish format-standard has-post-thumbnail hentry category-gridu-rievosana\">\n\t\t\t<div class=\"elementor-post__card\">\n\t\t\t\t<a class=\"elementor-post__thumbnail__link\" href=\"https:\/\/attor.lv\/en\/2023\/04\/20\/karl-burgi-intervija\/\" tabindex=\"-1\" ><div class=\"elementor-post__thumbnail\"><img loading=\"lazy\" decoding=\"async\" width=\"300\" height=\"200\" src=\"https:\/\/attor.lv\/wp-content\/uploads\/2018\/03\/KARL-BURGI-photo-300x200.jpg\" class=\"attachment-medium size-medium wp-image-1418\" alt=\"\" srcset=\"https:\/\/attor.lv\/wp-content\/uploads\/2018\/03\/KARL-BURGI-photo-300x200.jpg 300w, https:\/\/attor.lv\/wp-content\/uploads\/2018\/03\/KARL-BURGI-photo-1024x682.jpg 1024w, https:\/\/attor.lv\/wp-content\/uploads\/2018\/03\/KARL-BURGI-photo-768x512.jpg 768w, https:\/\/attor.lv\/wp-content\/uploads\/2018\/03\/KARL-BURGI-photo-1536x1024.jpg 1536w, https:\/\/attor.lv\/wp-content\/uploads\/2018\/03\/KARL-BURGI-photo-2048x1365.jpg 2048w, https:\/\/attor.lv\/wp-content\/uploads\/2018\/03\/KARL-BURGI-photo-350x233.jpg 350w, https:\/\/attor.lv\/wp-content\/uploads\/2018\/03\/KARL-BURGI-photo-600x400.jpg 600w, https:\/\/attor.lv\/wp-content\/uploads\/2018\/03\/KARL-BURGI-photo-117x78.jpg 117w\" sizes=\"(max-width: 300px) 100vw, 300px\" \/><\/div><\/a>\n\t\t\t\t<div class=\"elementor-post__badge\">Floor Grooving<\/div>\n\t\t\t\t<div class=\"elementor-post__text\">\n\t\t\t\t<h3 class=\"elementor-post__title\">\n\t\t\t<a href=\"https:\/\/attor.lv\/en\/2023\/04\/20\/karl-burgi-intervija\/\" >\n\t\t\t\tCarl Burgi: Grooving the farm floor \u2013 a solution to cow lameness\t\t\t<\/a>\n\t\t<\/h3>\n\t\t\t\t<div class=\"elementor-post__excerpt\">\n\t\t\t<p>Interview with Carl Burgi, founder of Trakrite global; published in SAIMNIEKS magazine, APR 2023 Correctly grooved farm floors contribute to the daily comfort and mobility of dairy cows when moving through the aisles, reduce the risk of injuries, hoof wear and damage caused by them. Trakrite Global farm floor grooving<\/p>\n\t\t<\/div>\n\t\t\n\t\t<a class=\"elementor-post__read-more\" href=\"https:\/\/attor.lv\/en\/2023\/04\/20\/karl-burgi-intervija\/\" aria-label=\"Read more about Karl Burgi: Fermas gr\u012bdas rievo\u0161ana \u2013 risin\u0101jums govs klibumam\" tabindex=\"-1\" >\n\t\t\tRead more  \u00bb\t\t<\/a>\n\n\t\t\t\t<\/div>\n\t\t\t\t<div class=\"elementor-post__meta-data\">\n\t\t\t\t\t<span class=\"elementor-post-date\">\n\t\t\tApril 20, 2023\t\t<\/span>\n\t\t\t\t<\/div>\n\t\t\t\t\t<\/div>\n\t\t<\/article>\n\t\t\t\t<\/div>\n\t\t\n\t\t\t\t<\/div>\n\t\t\t\t<\/div>\n\t\t\t\t\t<\/div>\n\t\t\t\t<\/div>\n\t\t\t\t<\/div>","protected":false},"excerpt":{"rendered":"","protected":false},"author":1,"featured_media":0,"parent":0,"menu_order":0,"comment_status":"closed","ping_status":"closed","template":"template\/page-builder-template.php","meta":{"_monsterinsights_skip_tracking":false,"_monsterinsights_sitenote_active":false,"_monsterinsights_sitenote_note":"","_monsterinsights_sitenote_category":0,"footnotes":""},"class_list":["post-1260","page","type-page","status-publish","hentry"],"acf":[],"aioseo_notices":[],"_links":{"self":[{"href":"https:\/\/attor.lv\/en\/wp-json\/wp\/v2\/pages\/1260","targetHints":{"allow":["GET"]}}],"collection":[{"href":"https:\/\/attor.lv\/en\/wp-json\/wp\/v2\/pages"}],"about":[{"href":"https:\/\/attor.lv\/en\/wp-json\/wp\/v2\/types\/page"}],"author":[{"embeddable":true,"href":"https:\/\/attor.lv\/en\/wp-json\/wp\/v2\/users\/1"}],"replies":[{"embeddable":true,"href":"https:\/\/attor.lv\/en\/wp-json\/wp\/v2\/comments?post=1260"}],"version-history":[{"count":10,"href":"https:\/\/attor.lv\/en\/wp-json\/wp\/v2\/pages\/1260\/revisions"}],"predecessor-version":[{"id":1270,"href":"https:\/\/attor.lv\/en\/wp-json\/wp\/v2\/pages\/1260\/revisions\/1270"}],"wp:attachment":[{"href":"https:\/\/attor.lv\/en\/wp-json\/wp\/v2\/media?parent=1260"}],"curies":[{"name":"wp","href":"https:\/\/api.w.org\/{rel}","templated":true}]}}